{"id":2595,"date":"2021-03-10T12:33:16","date_gmt":"2021-03-10T11:33:16","guid":{"rendered":"https:\/\/serwer1587970.home.pl\/zsrck\/wordpress\/?page_id=2595"},"modified":"2026-01-26T11:39:12","modified_gmt":"2026-01-26T10:39:12","slug":"dokumenty","status":"publish","type":"page","link":"https:\/\/serwer1587970.home.pl\/zsrck\/wordpress\/dokumenty\/","title":{"rendered":"Dokumenty"},"content":{"rendered":"\n<p class=\"wp-block-paragraph\">Statut Zespo\u0142u Szk\u00f3\u0142 CKR SZ\u00a0<a referrerpolicy=\"origin\" href=\"http:\/\/serwer1587970.home.pl\/zsrck\/joomla_2016\/dokumenty\/statuty\/StatutZespo%C5%82uSzk%C3%B3%C5%82CKRSZ.pdf\" target=\"_blank\" rel=\"noreferrer noopener\">pobierz plik<\/a><br>Statut Technikum\u00a0pobierz <a href=\"https:\/\/serwer1587970.home.pl\/zsrck\/wordpress\/wp-content\/uploads\/2026\/01\/StatutTechnikum19-10-2023-popr-12.2025.pdf\">pobierz plik<\/a><br>Statut Bran\u017cowej Szko\u0142y I Stopnia\u00a0<a href=\"https:\/\/serwer1587970.home.pl\/zsrck\/wordpress\/wp-content\/uploads\/2026\/01\/StatutBranzowejSzkolyIStopnia19-10-2023-popr-12.2025.pdf\" data-type=\"link\" data-id=\"https:\/\/serwer1587970.home.pl\/zsrck\/wordpress\/wp-content\/uploads\/2026\/01\/StatutBranzowejSzkolyIStopnia19-10-2023-popr-12.2025.pdf\">pobierz plik<\/a><br>Statut Bran\u017cowej Szko\u0142y II Stopnia\u00a0<a referrerpolicy=\"origin\" href=\"http:\/\/serwer1587970.home.pl\/zsrck\/joomla_2016\/dokumenty\/statut_branzowej%20szko%C5%82y_II_stopnia.pdf\" target=\"_blank\" rel=\"noreferrer noopener\">pobierz plik<\/a><br>Statut BCU <a href=\"https:\/\/serwer1587970.home.pl\/zsrck\/wordpress\/wp-content\/uploads\/2025\/07\/statut-BCU.pdf\">pobierz plik<\/a><br>Za\u0142\u0105cznik nr 1:\u00a0<a href=\"https:\/\/serwer1587970.home.pl\/zsrck\/wordpress\/wp-content\/uploads\/2023\/11\/Program-Wychowawczo-profilaktyczny-2023.pdf\">Program Wychowawczo-Profilaktyczny<\/a><br>Za\u0142\u0105cznik nr 2:\u00a0<a referrerpolicy=\"origin\" href=\"http:\/\/serwer1587970.home.pl\/zsrck\/joomla_2016\/dokumenty\/regulamin%20internatu.pdf\" target=\"_blank\" rel=\"noreferrer noopener\">Regulamin Internatu<\/a><\/p>\n\n\n\n<p class=\"wp-block-paragraph\">Szkolne kryteria ocen z zachowania <a href=\"https:\/\/serwer1587970.home.pl\/zsrck\/wordpress\/wp-content\/uploads\/2023\/06\/Szkolne-kryteria-ocen-z-zachowania-.pdf\" data-type=\"URL\" data-id=\"https:\/\/serwer1587970.home.pl\/zsrck\/wordpress\/wp-content\/uploads\/2023\/06\/Szkolne-kryteria-ocen-z-zachowania-.pdf\">pobierz plik<\/a><\/p>\n\n\n\n<p class=\"wp-block-paragraph\"><\/p>\n\n\n\n<p class=\"wp-block-paragraph\">Dziennik praktyki zawodowej&nbsp;<a referrerpolicy=\"origin\" href=\"http:\/\/serwer1587970.home.pl\/zsrck\/joomla_2016\/dokumenty\/Dziennik_praktyki_zawodowej.pdf\" target=\"_blank\" rel=\"noreferrer noopener\">pobierz plik<\/a><br>Fundusz \u015awiadcze\u0144 Socjalnych&nbsp;<a href=\"https:\/\/serwer1587970.home.pl\/zsrck\/wordpress\/wp-content\/uploads\/2022\/01\/RegulaminZFSS_2021.pdf\" target=\"_blank\" rel=\"noreferrer noopener\">pobierz plik<\/a><br>Regulamin korzystania z parkingu szkolnego dla uczni\u00f3w Zespo\u0142u Szk\u00f3\u0142 Centrum Kszta\u0142cenia Rolniczego im. Aleksandra \u015awi\u0119tochowskiego w Go\u0142otczy\u017anie&nbsp;<a href=\"https:\/\/serwer1587970.home.pl\/zsrck\/wordpress\/wp-content\/uploads\/2021\/09\/Regulamin-parkingu.pdf\" data-type=\"URL\" data-id=\"https:\/\/serwer1587970.home.pl\/zsrck\/wordpress\/wp-content\/uploads\/2021\/09\/Regulamin-parkingu.pdf\" target=\"_blank\" rel=\"noreferrer noopener\">pobierz plik<\/a><br>Regulamin korzystania z parkingu szkolnego przy internacie dla uczni\u00f3w Zespo\u0142u Szk\u00f3\u0142 Centrum Kszta\u0142cenia Rolniczego im. Aleksandra \u015awi\u0119tochowskiego w Go\u0142otczy\u017anie <a href=\"https:\/\/serwer1587970.home.pl\/zsrck\/wordpress\/wp-content\/uploads\/2021\/09\/Regulamin-parkingu-przy-internacie.pdf\" data-type=\"URL\" data-id=\"https:\/\/serwer1587970.home.pl\/zsrck\/wordpress\/wp-content\/uploads\/2021\/09\/Regulamin-parkingu-przy-internacie.pdf\">pobierz plik<\/a><\/p>\n\n\n\n<hr class=\"wp-block-separator has-css-opacity\"\/>\n\n\n\n<p class=\"has-text-align-center wp-block-paragraph\"><strong>Zarz\u0105dzenia Dyrektora:<\/strong><\/p>\n\n\n\n<p class=\"wp-block-paragraph\">Zarz\u0105dzenie Dyrektora ZSCKR im. A. \u015awi\u0119tochowskiego w Go\u0142otczy\u017anie w sprawie wewn\u0119trznych procedur w warunkach pandemii COVID-19<br><a rel=\"noreferrer noopener\" referrerpolicy=\"origin\" href=\"http:\/\/serwer1587970.home.pl\/zsrck\/joomla_2016\/2-ZD-Funkcjonowanie_szko%C5%82y%20_w_okresie_epidemii2.pdf\" target=\"_blank\">pobierz plik<\/a><\/p>\n","protected":false},"excerpt":{"rendered":"<p>Statut Zespo\u0142u Szk\u00f3\u0142 CKR SZ\u00a0pobierz plikStatut Technikum\u00a0pobierz pobierz plikStatut Bran\u017cowej Szko\u0142y I Stopnia\u00a0pobierz plikStatut Bran\u017cowej Szko\u0142y II Stopnia\u00a0pobierz plikStatut BCU pobierz plikZa\u0142\u0105cznik nr 1:\u00a0Program Wychowawczo-ProfilaktycznyZa\u0142\u0105cznik nr 2:\u00a0Regulamin Internatu Szkolne kryteria ocen z zachowania pobierz plik Dziennik praktyki zawodowej&nbsp;pobierz plikFundusz \u015awiadcze\u0144 Socjalnych&nbsp;pobierz plikRegulamin korzystania z parkingu szkolnego dla uczni\u00f3w Zespo\u0142u Szk\u00f3\u0142 Centrum Kszta\u0142cenia Rolniczego im. Aleksandra [&hellip;]<\/p>\n","protected":false},"author":1,"featured_media":0,"parent":0,"menu_order":0,"comment_status":"closed","ping_status":"closed","template":"","meta":{"_crdt_document":"","site-sidebar-layout":"default","site-content-layout":"default","ast-site-content-layout":"default","site-content-style":"default","site-sidebar-style":"default","ast-global-header-display":"","ast-banner-title-visibility":"","ast-main-header-display":"","ast-hfb-above-header-display":"","ast-hfb-below-header-display":"","ast-hfb-mobile-header-display":"","site-post-title":"","ast-breadcrumbs-content":"disabled","ast-featured-img":"","footer-sml-layout":"","theme-transparent-header-meta":"default","adv-header-id-meta":"","stick-header-meta":"","header-above-stick-meta":"","header-main-stick-meta":"","header-below-stick-meta":"","astra-migrate-meta-layouts":"set","ast-page-background-enabled":"default","ast-page-background-meta":{"desktop":{"background-color":"","background-image":"","background-repeat":"repeat","background-position":"center center","background-size":"auto","background-attachment":"scroll","background-type":"","background-media":"","overlay-type":"","overlay-color":"","overlay-opacity":"","overlay-gradient":""},"tablet":{"background-color":"","background-image":"","background-repeat":"repeat","background-position":"center center","background-size":"auto","background-attachment":"scroll","background-type":"","background-media":"","overlay-type":"","overlay-color":"","overlay-opacity":"","overlay-gradient":""},"mobile":{"background-color":"","background-image":"","background-repeat":"repeat","background-position":"center center","background-size":"auto","background-attachment":"scroll","background-type":"","background-media":"","overlay-type":"","overlay-color":"","overlay-opacity":"","overlay-gradient":""}},"ast-content-background-meta":{"desktop":{"background-color":"var(--ast-global-color-5)","background-image":"","background-repeat":"repeat","background-position":"center center","background-size":"auto","background-attachment":"scroll","background-type":"","background-media":"","overlay-type":"","overlay-color":"","overlay-opacity":"","overlay-gradient":""},"tablet":{"background-color":"var(--ast-global-color-5)","background-image":"","background-repeat":"repeat","background-position":"center center","background-size":"auto","background-attachment":"scroll","background-type":"","background-media":"","overlay-type":"","overlay-color":"","overlay-opacity":"","overlay-gradient":""},"mobile":{"background-color":"var(--ast-global-color-5)","background-image":"","background-repeat":"repeat","background-position":"center center","background-size":"auto","background-attachment":"scroll","background-type":"","background-media":"","overlay-type":"","overlay-color":"","overlay-opacity":"","overlay-gradient":""}},"footnotes":""},"class_list":["post-2595","page","type-page","status-publish","hentry"],"_links":{"self":[{"href":"https:\/\/serwer1587970.home.pl\/zsrck\/wordpress\/wp-json\/wp\/v2\/pages\/2595","targetHints":{"allow":["GET"]}}],"collection":[{"href":"https:\/\/serwer1587970.home.pl\/zsrck\/wordpress\/wp-json\/wp\/v2\/pages"}],"about":[{"href":"https:\/\/serwer1587970.home.pl\/zsrck\/wordpress\/wp-json\/wp\/v2\/types\/page"}],"author":[{"embeddable":true,"href":"https:\/\/serwer1587970.home.pl\/zsrck\/wordpress\/wp-json\/wp\/v2\/users\/1"}],"replies":[{"embeddable":true,"href":"https:\/\/serwer1587970.home.pl\/zsrck\/wordpress\/wp-json\/wp\/v2\/comments?post=2595"}],"version-history":[{"count":15,"href":"https:\/\/serwer1587970.home.pl\/zsrck\/wordpress\/wp-json\/wp\/v2\/pages\/2595\/revisions"}],"predecessor-version":[{"id":5572,"href":"https:\/\/serwer1587970.home.pl\/zsrck\/wordpress\/wp-json\/wp\/v2\/pages\/2595\/revisions\/5572"}],"wp:attachment":[{"href":"https:\/\/serwer1587970.home.pl\/zsrck\/wordpress\/wp-json\/wp\/v2\/media?parent=2595"}],"curies":[{"name":"wp","href":"https:\/\/api.w.org\/{rel}","templated":true}]}}