{"id":346,"date":"2020-01-06T15:17:03","date_gmt":"2020-01-06T14:17:03","guid":{"rendered":"https:\/\/serwer1587970.home.pl\/zsrck\/wordpress\/?page_id=346"},"modified":"2021-04-12T11:21:33","modified_gmt":"2021-04-12T09:21:33","slug":"technik-architektury-krajobrazu","status":"publish","type":"page","link":"https:\/\/serwer1587970.home.pl\/zsrck\/wordpress\/technik-architektury-krajobrazu\/","title":{"rendered":"Technik Architektury Krajobrazu"},"content":{"rendered":"\t\t<div data-elementor-type=\"wp-page\" data-elementor-id=\"346\" class=\"elementor elementor-346\">\n\t\t\t\t\t\t<section class=\"elementor-section elementor-top-section elementor-element elementor-element-b629def elementor-section-boxed elementor-section-height-default elementor-section-height-default\" data-id=\"b629def\" data-element_type=\"section\" data-e-type=\"section\">\n\t\t\t\t\t\t<div class=\"elementor-container elementor-column-gap-default\">\n\t\t\t\t\t<div class=\"elementor-column elementor-col-100 elementor-top-column elementor-element elementor-element-9b31458\" data-id=\"9b31458\" data-element_type=\"column\" data-e-type=\"column\">\n\t\t\t<div class=\"elementor-widget-wrap elementor-element-populated\">\n\t\t\t\t\t\t<div class=\"elementor-element elementor-element-ceccafc elementor-widget elementor-widget-video\" data-id=\"ceccafc\" data-element_type=\"widget\" data-e-type=\"widget\" data-settings=\"{&quot;video_type&quot;:&quot;hosted&quot;,&quot;autoplay&quot;:&quot;yes&quot;,&quot;play_on_mobile&quot;:&quot;yes&quot;,&quot;controls&quot;:&quot;yes&quot;}\" data-widget_type=\"video.default\">\n\t\t\t\t<div class=\"elementor-widget-container\">\n\t\t\t\t\t\t\t<div class=\"e-hosted-video elementor-wrapper elementor-open-inline\">\n\t\t\t\t\t<video class=\"elementor-video\" src=\"http:\/\/serwer1587970.home.pl\/zsrck\/joomla_2016\/pociete\/TA.mp4\" autoplay=\"\" controls=\"\" playsinline=\"\" controlsList=\"nodownload\"><\/video>\n\t\t\t\t<\/div>\n\t\t\t\t\t\t<\/div>\n\t\t\t\t<\/div>\n\t\t\t\t\t<\/div>\n\t\t<\/div>\n\t\t\t\t\t<\/div>\n\t\t<\/section>\n\t\t\t\t<section class=\"elementor-section elementor-top-section elementor-element elementor-element-c9c0998 elementor-section-boxed elementor-section-height-default elementor-section-height-default\" data-id=\"c9c0998\" data-element_type=\"section\" data-e-type=\"section\">\n\t\t\t\t\t\t<div class=\"elementor-container elementor-column-gap-default\">\n\t\t\t\t\t<div class=\"elementor-column elementor-col-100 elementor-top-column elementor-element elementor-element-9e828b7\" data-id=\"9e828b7\" data-element_type=\"column\" data-e-type=\"column\">\n\t\t\t<div class=\"elementor-widget-wrap elementor-element-populated\">\n\t\t\t\t\t\t<div class=\"elementor-element elementor-element-b66040e elementor-widget elementor-widget-text-editor\" data-id=\"b66040e\" data-element_type=\"widget\" data-e-type=\"widget\" data-widget_type=\"text-editor.default\">\n\t\t\t\t<div class=\"elementor-widget-container\">\n\t\t\t\t\t\t\t\t\t<p><strong>Lubisz szkicowa\u0107 i kochasz przyrod\u0119?<\/strong><\/p><p>Tu nauczysz si\u0119 projektowania, urz\u0105dzania i piel\u0119gnacji teren\u00f3w zieleni. Rozwiniesz swoje zainteresowania i umiej\u0119tno\u015bci plastyczne. W szkole istnieje bogata baza dydaktyczna w postaci pi\u0119knego arboretum, byliniarni, zabytkowego parku i szklarni. B\u0119dziesz m\u00f3g\u0142 zdoby\u0107 prawo jazdy kategorii T.<\/p>\t\t\t\t\t\t\t\t<\/div>\n\t\t\t\t<\/div>\n\t\t\t\t\t<\/div>\n\t\t<\/div>\n\t\t\t\t\t<\/div>\n\t\t<\/section>\n\t\t\t\t<section class=\"elementor-section elementor-top-section elementor-element elementor-element-68b63ba0 elementor-section-boxed elementor-section-height-default elementor-section-height-default\" data-id=\"68b63ba0\" data-element_type=\"section\" data-e-type=\"section\">\n\t\t\t\t\t\t<div class=\"elementor-container elementor-column-gap-default\">\n\t\t\t\t\t<div class=\"elementor-column elementor-col-100 elementor-top-column elementor-element elementor-element-4d881af5\" data-id=\"4d881af5\" data-element_type=\"column\" data-e-type=\"column\">\n\t\t\t<div class=\"elementor-widget-wrap elementor-element-populated\">\n\t\t\t\t\t\t<div class=\"elementor-element elementor-element-1d818e51 elementor-widget elementor-widget-text-editor\" data-id=\"1d818e51\" data-element_type=\"widget\" data-e-type=\"widget\" data-widget_type=\"text-editor.default\">\n\t\t\t\t<div class=\"elementor-widget-container\">\n\t\t\t\t\t\t\t\t\t<p><b>Gdzie znajdziesz prac\u0119?<\/b><\/p>\n<ul>\n<li>we wszystkich firmach zwi\u0105zanych z urz\u0105dzaniem i projektowaniem teren\u00f3w zieleni;<\/li>\n<li>w firmach prywatnych lub pa\u0144stwowych;<\/li>\n<li>przy urz\u0119dach miasta;<\/li>\n<li>w jednostkach opracowuj\u0105cych projekty zagospodarowania obiekt\u00f3w architektury krajobrazu;<\/li>\n<li>B\u0119dziesz m\u00f3g\u0142 nadzorowa\u0107 prace na terenach zieleni;<\/li>\n<li>pracowa\u0107 w bran\u017cy florystycznej lub budowlanej;<\/li>\n<li>osoby przedsi\u0119biorcze\u00a0 otworz\u0105 w\u0142asn\u0105 jednoosobow\u0105 firm\u0119 w bran\u017cy architektury krajobrazu.<\/li>\n<\/ul>\t\t\t\t\t\t\t\t<\/div>\n\t\t\t\t<\/div>\n\t\t\t\t\t<\/div>\n\t\t<\/div>\n\t\t\t\t\t<\/div>\n\t\t<\/section>\n\t\t\t\t<section class=\"elementor-section elementor-top-section elementor-element elementor-element-54992e3 elementor-section-boxed elementor-section-height-default elementor-section-height-default\" data-id=\"54992e3\" data-element_type=\"section\" data-e-type=\"section\">\n\t\t\t\t\t\t<div class=\"elementor-container elementor-column-gap-default\">\n\t\t\t\t\t<div class=\"elementor-column elementor-col-100 elementor-top-column elementor-element elementor-element-544a2b3\" data-id=\"544a2b3\" data-element_type=\"column\" data-e-type=\"column\">\n\t\t\t<div class=\"elementor-widget-wrap elementor-element-populated\">\n\t\t\t\t\t\t<div class=\"elementor-element elementor-element-cf92259 elementor-widget elementor-widget-image\" data-id=\"cf92259\" data-element_type=\"widget\" data-e-type=\"widget\" data-widget_type=\"image.default\">\n\t\t\t\t<div class=\"elementor-widget-container\">\n\t\t\t\t\t\t\t\t\t\t\t\t\t\t\t<img fetchpriority=\"high\" decoding=\"async\" width=\"768\" height=\"644\" src=\"https:\/\/serwer1587970.home.pl\/zsrck\/wordpress\/wp-content\/uploads\/2021\/04\/ta_f-768x644.jpg\" class=\"attachment-medium_large size-medium_large wp-image-3004\" alt=\"\" srcset=\"https:\/\/serwer1587970.home.pl\/zsrck\/wordpress\/wp-content\/uploads\/2021\/04\/ta_f-768x644.jpg 768w, https:\/\/serwer1587970.home.pl\/zsrck\/wordpress\/wp-content\/uploads\/2021\/04\/ta_f-300x251.jpg 300w, https:\/\/serwer1587970.home.pl\/zsrck\/wordpress\/wp-content\/uploads\/2021\/04\/ta_f.jpg 940w\" sizes=\"(max-width: 768px) 100vw, 768px\" \/>\t\t\t\t\t\t\t\t\t\t\t\t\t\t\t<\/div>\n\t\t\t\t<\/div>\n\t\t\t\t\t<\/div>\n\t\t<\/div>\n\t\t\t\t\t<\/div>\n\t\t<\/section>\n\t\t\t\t<\/div>\n\t\t","protected":false},"excerpt":{"rendered":"<p>http:\/\/serwer1587970.home.pl\/zsrck\/joomla_2016\/pociete\/TA.mp4 Lubisz szkicowa\u0107 i kochasz przyrod\u0119? Tu nauczysz si\u0119 projektowania, urz\u0105dzania i piel\u0119gnacji teren\u00f3w zieleni. Rozwiniesz swoje zainteresowania i umiej\u0119tno\u015bci plastyczne. W szkole istnieje bogata baza dydaktyczna w postaci pi\u0119knego arboretum, byliniarni, zabytkowego parku i szklarni. B\u0119dziesz m\u00f3g\u0142 zdoby\u0107 prawo jazdy kategorii T. Gdzie znajdziesz prac\u0119? we wszystkich firmach zwi\u0105zanych z urz\u0105dzaniem i projektowaniem teren\u00f3w [&hellip;]<\/p>\n","protected":false},"author":1,"featured_media":0,"parent":0,"menu_order":0,"comment_status":"closed","ping_status":"closed","template":"","meta":{"_crdt_document":"","site-sidebar-layout":"default","site-content-layout":"default","ast-site-content-layout":"","site-content-style":"default","site-sidebar-style":"default","ast-global-header-display":"","ast-banner-title-visibility":"","ast-main-header-display":"","ast-hfb-above-header-display":"","ast-hfb-below-header-display":"","ast-hfb-mobile-header-display":"","site-post-title":"","ast-breadcrumbs-content":"disabled","ast-featured-img":"disabled","footer-sml-layout":"","theme-transparent-header-meta":"default","adv-header-id-meta":"","stick-header-meta":"","header-above-stick-meta":"","header-main-stick-meta":"","header-below-stick-meta":"","astra-migrate-meta-layouts":"default","ast-page-background-enabled":"default","ast-page-background-meta":{"desktop":{"background-color":"","background-image":"","background-repeat":"repeat","background-position":"center center","background-size":"auto","background-attachment":"scroll","background-type":"","background-media":"","overlay-type":"","overlay-color":"","overlay-opacity":"","overlay-gradient":""},"tablet":{"background-color":"","background-image":"","background-repeat":"repeat","background-position":"center center","background-size":"auto","background-attachment":"scroll","background-type":"","background-media":"","overlay-type":"","overlay-color":"","overlay-opacity":"","overlay-gradient":""},"mobile":{"background-color":"","background-image":"","background-repeat":"repeat","background-position":"center center","background-size":"auto","background-attachment":"scroll","background-type":"","background-media":"","overlay-type":"","overlay-color":"","overlay-opacity":"","overlay-gradient":""}},"ast-content-background-meta":{"desktop":{"background-color":"var(--ast-global-color-5)","background-image":"","background-repeat":"repeat","background-position":"center center","background-size":"auto","background-attachment":"scroll","background-type":"","background-media":"","overlay-type":"","overlay-color":"","overlay-opacity":"","overlay-gradient":""},"tablet":{"background-color":"var(--ast-global-color-5)","background-image":"","background-repeat":"repeat","background-position":"center center","background-size":"auto","background-attachment":"scroll","background-type":"","background-media":"","overlay-type":"","overlay-color":"","overlay-opacity":"","overlay-gradient":""},"mobile":{"background-color":"var(--ast-global-color-5)","background-image":"","background-repeat":"repeat","background-position":"center center","background-size":"auto","background-attachment":"scroll","background-type":"","background-media":"","overlay-type":"","overlay-color":"","overlay-opacity":"","overlay-gradient":""}},"footnotes":""},"class_list":["post-346","page","type-page","status-publish","hentry"],"_links":{"self":[{"href":"https:\/\/serwer1587970.home.pl\/zsrck\/wordpress\/wp-json\/wp\/v2\/pages\/346","targetHints":{"allow":["GET"]}}],"collection":[{"href":"https:\/\/serwer1587970.home.pl\/zsrck\/wordpress\/wp-json\/wp\/v2\/pages"}],"about":[{"href":"https:\/\/serwer1587970.home.pl\/zsrck\/wordpress\/wp-json\/wp\/v2\/types\/page"}],"author":[{"embeddable":true,"href":"https:\/\/serwer1587970.home.pl\/zsrck\/wordpress\/wp-json\/wp\/v2\/users\/1"}],"replies":[{"embeddable":true,"href":"https:\/\/serwer1587970.home.pl\/zsrck\/wordpress\/wp-json\/wp\/v2\/comments?post=346"}],"version-history":[{"count":26,"href":"https:\/\/serwer1587970.home.pl\/zsrck\/wordpress\/wp-json\/wp\/v2\/pages\/346\/revisions"}],"predecessor-version":[{"id":3079,"href":"https:\/\/serwer1587970.home.pl\/zsrck\/wordpress\/wp-json\/wp\/v2\/pages\/346\/revisions\/3079"}],"wp:attachment":[{"href":"https:\/\/serwer1587970.home.pl\/zsrck\/wordpress\/wp-json\/wp\/v2\/media?parent=346"}],"curies":[{"name":"wp","href":"https:\/\/api.w.org\/{rel}","templated":true}]}}