{"id":349,"date":"2020-01-06T15:25:06","date_gmt":"2020-01-06T14:25:06","guid":{"rendered":"https:\/\/serwer1587970.home.pl\/zsrck\/wordpress\/?page_id=349"},"modified":"2021-04-11T11:58:47","modified_gmt":"2021-04-11T09:58:47","slug":"technik-ogrodnik","status":"publish","type":"page","link":"https:\/\/serwer1587970.home.pl\/zsrck\/wordpress\/technik-ogrodnik\/","title":{"rendered":"Technik Ogrodnik"},"content":{"rendered":"\t\t<div data-elementor-type=\"wp-page\" data-elementor-id=\"349\" class=\"elementor elementor-349\">\n\t\t\t\t\t\t<section class=\"elementor-section elementor-top-section elementor-element elementor-element-b63868b elementor-section-boxed elementor-section-height-default elementor-section-height-default\" data-id=\"b63868b\" data-element_type=\"section\" data-e-type=\"section\">\n\t\t\t\t\t\t<div class=\"elementor-container elementor-column-gap-default\">\n\t\t\t\t\t<div class=\"elementor-column elementor-col-100 elementor-top-column elementor-element elementor-element-772a026\" data-id=\"772a026\" data-element_type=\"column\" data-e-type=\"column\">\n\t\t\t<div class=\"elementor-widget-wrap elementor-element-populated\">\n\t\t\t\t\t\t<div class=\"elementor-element elementor-element-c4d5de0 elementor-widget elementor-widget-video\" data-id=\"c4d5de0\" data-element_type=\"widget\" data-e-type=\"widget\" data-settings=\"{&quot;video_type&quot;:&quot;hosted&quot;,&quot;autoplay&quot;:&quot;yes&quot;,&quot;play_on_mobile&quot;:&quot;yes&quot;,&quot;controls&quot;:&quot;yes&quot;}\" data-widget_type=\"video.default\">\n\t\t\t\t<div class=\"elementor-widget-container\">\n\t\t\t\t\t\t\t<div class=\"e-hosted-video elementor-wrapper elementor-open-inline\">\n\t\t\t\t\t<video class=\"elementor-video\" src=\"http:\/\/serwer1587970.home.pl\/zsrck\/joomla_2016\/pociete\/TO.mp4\" autoplay=\"\" controls=\"\" playsinline=\"\" controlsList=\"nodownload\"><\/video>\n\t\t\t\t<\/div>\n\t\t\t\t\t\t<\/div>\n\t\t\t\t<\/div>\n\t\t\t\t\t<\/div>\n\t\t<\/div>\n\t\t\t\t\t<\/div>\n\t\t<\/section>\n\t\t\t\t<section class=\"elementor-section elementor-top-section elementor-element elementor-element-0857a65 elementor-section-boxed elementor-section-height-default elementor-section-height-default\" data-id=\"0857a65\" data-element_type=\"section\" data-e-type=\"section\">\n\t\t\t\t\t\t<div class=\"elementor-container elementor-column-gap-default\">\n\t\t\t\t\t<div class=\"elementor-column elementor-col-100 elementor-top-column elementor-element elementor-element-20c7a97\" data-id=\"20c7a97\" data-element_type=\"column\" data-e-type=\"column\">\n\t\t\t<div class=\"elementor-widget-wrap elementor-element-populated\">\n\t\t\t\t\t\t<div class=\"elementor-element elementor-element-f73532f elementor-widget elementor-widget-text-editor\" data-id=\"f73532f\" data-element_type=\"widget\" data-e-type=\"widget\" data-widget_type=\"text-editor.default\">\n\t\t\t\t<div class=\"elementor-widget-container\">\n\t\t\t\t\t\t\t\t\t<p><strong>Lubisz przyrod\u0119?<\/strong><\/p><p>Tutaj poznasz tradycyjne i nowoczesne metody uprawy owoc\u00f3w, warzyw, ro\u015blin i zi\u00f3\u0142. Po uko\u0144czeniu szko\u0142y b\u0119dziesz m\u00f3g\u0142 za\u0142o\u017cy\u0107 w\u0142asne gospodarstwo ogrodnicze, sad czy szk\u00f3\u0142k\u0119 ro\u015blinn\u0105. B\u0119dziesz m\u00f3g\u0142 zdoby\u0107 prawo jazdy kategorii T.<\/p>\t\t\t\t\t\t\t\t<\/div>\n\t\t\t\t<\/div>\n\t\t\t\t\t<\/div>\n\t\t<\/div>\n\t\t\t\t\t<\/div>\n\t\t<\/section>\n\t\t\t\t<section class=\"elementor-section elementor-top-section elementor-element elementor-element-33f29f27 elementor-section-boxed elementor-section-height-default elementor-section-height-default\" data-id=\"33f29f27\" data-element_type=\"section\" data-e-type=\"section\">\n\t\t\t\t\t\t<div class=\"elementor-container elementor-column-gap-default\">\n\t\t\t\t\t<div class=\"elementor-column elementor-col-100 elementor-top-column elementor-element elementor-element-6bed7bb7\" data-id=\"6bed7bb7\" data-element_type=\"column\" data-e-type=\"column\">\n\t\t\t<div class=\"elementor-widget-wrap elementor-element-populated\">\n\t\t\t\t\t\t<div class=\"elementor-element elementor-element-8cf188d elementor-widget elementor-widget-text-editor\" data-id=\"8cf188d\" data-element_type=\"widget\" data-e-type=\"widget\" data-widget_type=\"text-editor.default\">\n\t\t\t\t<div class=\"elementor-widget-container\">\n\t\t\t\t\t\t\t\t\t<p><b>Gdzie mo\u017cna znale\u017a\u0107 prac\u0119?<\/b><br>\nW charakterze ogrodnika prac\u0119 oferuj\u0105 liczne firmy ogrodnicze, realizuj\u0105ce aran\u017cacje ogrod\u00f3w i us\u0142ugi ogrodnicze na zlecenie klient\u00f3w indywidualnych i innych podmiot\u00f3w. Mo\u017cesz te\u017c za\u0142o\u017cy\u0107 gospodarstwo ogrodnicze, typu sad lub szk\u00f3\u0142ka ro\u015blin lub pracowa\u0107 w bran\u017cy florystycznej.<\/p>\t\t\t\t\t\t\t\t<\/div>\n\t\t\t\t<\/div>\n\t\t\t\t\t<\/div>\n\t\t<\/div>\n\t\t\t\t\t<\/div>\n\t\t<\/section>\n\t\t\t\t<section class=\"elementor-section elementor-top-section elementor-element elementor-element-a940d4e elementor-section-boxed elementor-section-height-default elementor-section-height-default\" data-id=\"a940d4e\" data-element_type=\"section\" data-e-type=\"section\">\n\t\t\t\t\t\t<div class=\"elementor-container elementor-column-gap-default\">\n\t\t\t\t\t<div class=\"elementor-column elementor-col-100 elementor-top-column elementor-element elementor-element-1ead726\" data-id=\"1ead726\" data-element_type=\"column\" data-e-type=\"column\">\n\t\t\t<div class=\"elementor-widget-wrap elementor-element-populated\">\n\t\t\t\t\t\t<div class=\"elementor-element elementor-element-89e6a27 elementor-widget elementor-widget-image\" data-id=\"89e6a27\" data-element_type=\"widget\" data-e-type=\"widget\" data-widget_type=\"image.default\">\n\t\t\t\t<div class=\"elementor-widget-container\">\n\t\t\t\t\t\t\t\t\t\t\t\t\t\t\t<img fetchpriority=\"high\" decoding=\"async\" width=\"768\" height=\"644\" src=\"https:\/\/serwer1587970.home.pl\/zsrck\/wordpress\/wp-content\/uploads\/2021\/04\/to_f-768x644.jpg\" class=\"attachment-medium_large size-medium_large wp-image-3027\" alt=\"\" srcset=\"https:\/\/serwer1587970.home.pl\/zsrck\/wordpress\/wp-content\/uploads\/2021\/04\/to_f-768x644.jpg 768w, https:\/\/serwer1587970.home.pl\/zsrck\/wordpress\/wp-content\/uploads\/2021\/04\/to_f-300x251.jpg 300w, https:\/\/serwer1587970.home.pl\/zsrck\/wordpress\/wp-content\/uploads\/2021\/04\/to_f.jpg 940w\" sizes=\"(max-width: 768px) 100vw, 768px\" \/>\t\t\t\t\t\t\t\t\t\t\t\t\t\t\t<\/div>\n\t\t\t\t<\/div>\n\t\t\t\t\t<\/div>\n\t\t<\/div>\n\t\t\t\t\t<\/div>\n\t\t<\/section>\n\t\t\t\t<\/div>\n\t\t","protected":false},"excerpt":{"rendered":"<p>http:\/\/serwer1587970.home.pl\/zsrck\/joomla_2016\/pociete\/TO.mp4 Lubisz przyrod\u0119? Tutaj poznasz tradycyjne i nowoczesne metody uprawy owoc\u00f3w, warzyw, ro\u015blin i zi\u00f3\u0142. Po uko\u0144czeniu szko\u0142y b\u0119dziesz m\u00f3g\u0142 za\u0142o\u017cy\u0107 w\u0142asne gospodarstwo ogrodnicze, sad czy szk\u00f3\u0142k\u0119 ro\u015blinn\u0105. B\u0119dziesz m\u00f3g\u0142 zdoby\u0107 prawo jazdy kategorii T. Gdzie mo\u017cna znale\u017a\u0107 prac\u0119? W charakterze ogrodnika prac\u0119 oferuj\u0105 liczne firmy ogrodnicze, realizuj\u0105ce aran\u017cacje ogrod\u00f3w i us\u0142ugi ogrodnicze na zlecenie [&hellip;]<\/p>\n","protected":false},"author":1,"featured_media":0,"parent":0,"menu_order":0,"comment_status":"closed","ping_status":"closed","template":"","meta":{"_crdt_document":"","site-sidebar-layout":"default","site-content-layout":"default","ast-site-content-layout":"","site-content-style":"default","site-sidebar-style":"default","ast-global-header-display":"","ast-banner-title-visibility":"","ast-main-header-display":"","ast-hfb-above-header-display":"","ast-hfb-below-header-display":"","ast-hfb-mobile-header-display":"","site-post-title":"","ast-breadcrumbs-content":"disabled","ast-featured-img":"disabled","footer-sml-layout":"","theme-transparent-header-meta":"default","adv-header-id-meta":"","stick-header-meta":"","header-above-stick-meta":"","header-main-stick-meta":"","header-below-stick-meta":"","astra-migrate-meta-layouts":"default","ast-page-background-enabled":"default","ast-page-background-meta":{"desktop":{"background-color":"","background-image":"","background-repeat":"repeat","background-position":"center center","background-size":"auto","background-attachment":"scroll","background-type":"","background-media":"","overlay-type":"","overlay-color":"","overlay-opacity":"","overlay-gradient":""},"tablet":{"background-color":"","background-image":"","background-repeat":"repeat","background-position":"center center","background-size":"auto","background-attachment":"scroll","background-type":"","background-media":"","overlay-type":"","overlay-color":"","overlay-opacity":"","overlay-gradient":""},"mobile":{"background-color":"","background-image":"","background-repeat":"repeat","background-position":"center center","background-size":"auto","background-attachment":"scroll","background-type":"","background-media":"","overlay-type":"","overlay-color":"","overlay-opacity":"","overlay-gradient":""}},"ast-content-background-meta":{"desktop":{"background-color":"var(--ast-global-color-5)","background-image":"","background-repeat":"repeat","background-position":"center center","background-size":"auto","background-attachment":"scroll","background-type":"","background-media":"","overlay-type":"","overlay-color":"","overlay-opacity":"","overlay-gradient":""},"tablet":{"background-color":"var(--ast-global-color-5)","background-image":"","background-repeat":"repeat","background-position":"center center","background-size":"auto","background-attachment":"scroll","background-type":"","background-media":"","overlay-type":"","overlay-color":"","overlay-opacity":"","overlay-gradient":""},"mobile":{"background-color":"var(--ast-global-color-5)","background-image":"","background-repeat":"repeat","background-position":"center center","background-size":"auto","background-attachment":"scroll","background-type":"","background-media":"","overlay-type":"","overlay-color":"","overlay-opacity":"","overlay-gradient":""}},"footnotes":""},"class_list":["post-349","page","type-page","status-publish","hentry"],"_links":{"self":[{"href":"https:\/\/serwer1587970.home.pl\/zsrck\/wordpress\/wp-json\/wp\/v2\/pages\/349","targetHints":{"allow":["GET"]}}],"collection":[{"href":"https:\/\/serwer1587970.home.pl\/zsrck\/wordpress\/wp-json\/wp\/v2\/pages"}],"about":[{"href":"https:\/\/serwer1587970.home.pl\/zsrck\/wordpress\/wp-json\/wp\/v2\/types\/page"}],"author":[{"embeddable":true,"href":"https:\/\/serwer1587970.home.pl\/zsrck\/wordpress\/wp-json\/wp\/v2\/users\/1"}],"replies":[{"embeddable":true,"href":"https:\/\/serwer1587970.home.pl\/zsrck\/wordpress\/wp-json\/wp\/v2\/comments?post=349"}],"version-history":[{"count":20,"href":"https:\/\/serwer1587970.home.pl\/zsrck\/wordpress\/wp-json\/wp\/v2\/pages\/349\/revisions"}],"predecessor-version":[{"id":3072,"href":"https:\/\/serwer1587970.home.pl\/zsrck\/wordpress\/wp-json\/wp\/v2\/pages\/349\/revisions\/3072"}],"wp:attachment":[{"href":"https:\/\/serwer1587970.home.pl\/zsrck\/wordpress\/wp-json\/wp\/v2\/media?parent=349"}],"curies":[{"name":"wp","href":"https:\/\/api.w.org\/{rel}","templated":true}]}}