{"id":362,"date":"2020-01-06T15:33:11","date_gmt":"2020-01-06T14:33:11","guid":{"rendered":"https:\/\/serwer1587970.home.pl\/zsrck\/wordpress\/?page_id=362"},"modified":"2021-04-12T11:25:25","modified_gmt":"2021-04-12T09:25:25","slug":"technik-agrobiznesu","status":"publish","type":"page","link":"https:\/\/serwer1587970.home.pl\/zsrck\/wordpress\/technik-agrobiznesu\/","title":{"rendered":"Technik Agrobiznesu"},"content":{"rendered":"\t\t<div data-elementor-type=\"wp-page\" data-elementor-id=\"362\" class=\"elementor elementor-362\">\n\t\t\t\t\t\t<section class=\"elementor-section elementor-top-section elementor-element elementor-element-1d0cf30 elementor-section-boxed elementor-section-height-default elementor-section-height-default\" data-id=\"1d0cf30\" data-element_type=\"section\" data-e-type=\"section\">\n\t\t\t\t\t\t<div class=\"elementor-container elementor-column-gap-default\">\n\t\t\t\t\t<div class=\"elementor-column elementor-col-100 elementor-top-column elementor-element elementor-element-0fc20a2\" data-id=\"0fc20a2\" data-element_type=\"column\" data-e-type=\"column\">\n\t\t\t<div class=\"elementor-widget-wrap elementor-element-populated\">\n\t\t\t\t\t\t<div class=\"elementor-element elementor-element-695c02f elementor-widget elementor-widget-video\" data-id=\"695c02f\" data-element_type=\"widget\" data-e-type=\"widget\" data-settings=\"{&quot;video_type&quot;:&quot;hosted&quot;,&quot;autoplay&quot;:&quot;yes&quot;,&quot;play_on_mobile&quot;:&quot;yes&quot;,&quot;controls&quot;:&quot;yes&quot;}\" data-widget_type=\"video.default\">\n\t\t\t\t<div class=\"elementor-widget-container\">\n\t\t\t\t\t\t\t<div class=\"e-hosted-video elementor-wrapper elementor-open-inline\">\n\t\t\t\t\t<video class=\"elementor-video\" src=\"http:\/\/serwer1587970.home.pl\/zsrck\/joomla_2016\/pociete\/TAG.mp4\" autoplay=\"\" controls=\"\" playsinline=\"\" controlsList=\"nodownload\"><\/video>\n\t\t\t\t<\/div>\n\t\t\t\t\t\t<\/div>\n\t\t\t\t<\/div>\n\t\t\t\t\t<\/div>\n\t\t<\/div>\n\t\t\t\t\t<\/div>\n\t\t<\/section>\n\t\t\t\t<section class=\"elementor-section elementor-top-section elementor-element elementor-element-0072020 elementor-section-boxed elementor-section-height-default elementor-section-height-default\" data-id=\"0072020\" data-element_type=\"section\" data-e-type=\"section\">\n\t\t\t\t\t\t<div class=\"elementor-container elementor-column-gap-default\">\n\t\t\t\t\t<div class=\"elementor-column elementor-col-100 elementor-top-column elementor-element elementor-element-1b9863c\" data-id=\"1b9863c\" data-element_type=\"column\" data-e-type=\"column\">\n\t\t\t<div class=\"elementor-widget-wrap elementor-element-populated\">\n\t\t\t\t\t\t<div class=\"elementor-element elementor-element-75b4cb0 elementor-widget elementor-widget-text-editor\" data-id=\"75b4cb0\" data-element_type=\"widget\" data-e-type=\"widget\" data-widget_type=\"text-editor.default\">\n\t\t\t\t<div class=\"elementor-widget-container\">\n\t\t\t\t\t\t\t\t\t<p><strong>Chcesz wiedzie\u0107 jak prowadzi\u0107 biznes?<\/strong><\/p><p>Tu poznasz zagadnienia z wielu dziedzin: ekonomii, rolnictwa, marketingu, zarz\u0105dzania, finans\u00f3w, rachunkowo\u015bci i prawa. Nauczysz si\u0119 prowadzenia produkcji ro\u015blinnej i zwierz\u0119cej; wype\u0142niania podstawowych dokument\u00f3w zwi\u0105zanych z dzia\u0142alno\u015bci\u0105 gospodarcz\u0105 i uzyskiwaniem dop\u0142at unijnych. B\u0119dziesz m\u00f3g\u0142 zdoby\u0107 prawo jazdy kategorii T.<\/p>\t\t\t\t\t\t\t\t<\/div>\n\t\t\t\t<\/div>\n\t\t\t\t\t<\/div>\n\t\t<\/div>\n\t\t\t\t\t<\/div>\n\t\t<\/section>\n\t\t\t\t<section class=\"elementor-section elementor-top-section elementor-element elementor-element-c1302f elementor-section-boxed elementor-section-height-default elementor-section-height-default\" data-id=\"c1302f\" data-element_type=\"section\" data-e-type=\"section\">\n\t\t\t\t\t\t<div class=\"elementor-container elementor-column-gap-default\">\n\t\t\t\t\t<div class=\"elementor-column elementor-col-100 elementor-top-column elementor-element elementor-element-21ead952\" data-id=\"21ead952\" data-element_type=\"column\" data-e-type=\"column\">\n\t\t\t<div class=\"elementor-widget-wrap elementor-element-populated\">\n\t\t\t\t\t\t<div class=\"elementor-element elementor-element-3828aa8 elementor-widget elementor-widget-text-editor\" data-id=\"3828aa8\" data-element_type=\"widget\" data-e-type=\"widget\" data-widget_type=\"text-editor.default\">\n\t\t\t\t<div class=\"elementor-widget-container\">\n\t\t\t\t\t\t\t\t\t<p><b>Gdzie mo\u017cna znale\u017a\u0107 prac\u0119?<\/b>\n<ul><li>w przedsi\u0119biorstwach produkcji lub przetw\u00f3rstwa \u017cywno\u015bci;<\/li>\n<li>firmach handlowych;<\/li>\n<li>w bran\u017cy rolniczej i us\u0142ugowo-turystycznych;<\/li> <li>instytucjach rynku rolnego;<\/li> urz\u0119dach gmin i miast;<\/li>\n<li>instytucjach doradczych dla rolnictwa.<\/li>\n<\/ul> Technik agrobiznesu posi\u0105dzie umiej\u0119tno\u015bci, kt\u00f3re umo\u017cliwi\u0105 mu podj\u0119cie dzia\u0142alno\u015bci na w\u0142asny rachunek, np. prowadzenie produkcji rolnej, w\u0142asnego gospodarstwa agroturystycznego lub organizowania wypoczynku ekoturystycznego dla mieszka\u0144c\u00f3w du\u017cych aglomeracji miejskich z kraju i zagranicy.<\/p>\t\t\t\t\t\t\t\t<\/div>\n\t\t\t\t<\/div>\n\t\t\t\t\t<\/div>\n\t\t<\/div>\n\t\t\t\t\t<\/div>\n\t\t<\/section>\n\t\t\t\t<section class=\"elementor-section elementor-top-section elementor-element elementor-element-3e04229 elementor-section-boxed elementor-section-height-default elementor-section-height-default\" data-id=\"3e04229\" data-element_type=\"section\" data-e-type=\"section\">\n\t\t\t\t\t\t<div class=\"elementor-container elementor-column-gap-default\">\n\t\t\t\t\t<div class=\"elementor-column elementor-col-100 elementor-top-column elementor-element elementor-element-457f499\" data-id=\"457f499\" data-element_type=\"column\" data-e-type=\"column\">\n\t\t\t<div class=\"elementor-widget-wrap elementor-element-populated\">\n\t\t\t\t\t\t<div class=\"elementor-element elementor-element-8b28c9e elementor-widget elementor-widget-image\" data-id=\"8b28c9e\" data-element_type=\"widget\" data-e-type=\"widget\" data-widget_type=\"image.default\">\n\t\t\t\t<div class=\"elementor-widget-container\">\n\t\t\t\t\t\t\t\t\t\t\t\t\t\t\t<img fetchpriority=\"high\" decoding=\"async\" width=\"768\" height=\"644\" src=\"https:\/\/serwer1587970.home.pl\/zsrck\/wordpress\/wp-content\/uploads\/2021\/04\/ta_f-768x644.png\" class=\"attachment-medium_large size-medium_large wp-image-3045\" alt=\"\" srcset=\"https:\/\/serwer1587970.home.pl\/zsrck\/wordpress\/wp-content\/uploads\/2021\/04\/ta_f-768x644.png 768w, https:\/\/serwer1587970.home.pl\/zsrck\/wordpress\/wp-content\/uploads\/2021\/04\/ta_f-300x251.png 300w, https:\/\/serwer1587970.home.pl\/zsrck\/wordpress\/wp-content\/uploads\/2021\/04\/ta_f.png 940w\" sizes=\"(max-width: 768px) 100vw, 768px\" \/>\t\t\t\t\t\t\t\t\t\t\t\t\t\t\t<\/div>\n\t\t\t\t<\/div>\n\t\t\t\t\t<\/div>\n\t\t<\/div>\n\t\t\t\t\t<\/div>\n\t\t<\/section>\n\t\t\t\t<\/div>\n\t\t","protected":false},"excerpt":{"rendered":"<p>http:\/\/serwer1587970.home.pl\/zsrck\/joomla_2016\/pociete\/TAG.mp4 Chcesz wiedzie\u0107 jak prowadzi\u0107 biznes? Tu poznasz zagadnienia z wielu dziedzin: ekonomii, rolnictwa, marketingu, zarz\u0105dzania, finans\u00f3w, rachunkowo\u015bci i prawa. Nauczysz si\u0119 prowadzenia produkcji ro\u015blinnej i zwierz\u0119cej; wype\u0142niania podstawowych dokument\u00f3w zwi\u0105zanych z dzia\u0142alno\u015bci\u0105 gospodarcz\u0105 i uzyskiwaniem dop\u0142at unijnych. B\u0119dziesz m\u00f3g\u0142 zdoby\u0107 prawo jazdy kategorii T. Gdzie mo\u017cna znale\u017a\u0107 prac\u0119? w przedsi\u0119biorstwach produkcji lub przetw\u00f3rstwa \u017cywno\u015bci; [&hellip;]<\/p>\n","protected":false},"author":1,"featured_media":0,"parent":0,"menu_order":0,"comment_status":"closed","ping_status":"closed","template":"","meta":{"_crdt_document":"","site-sidebar-layout":"default","site-content-layout":"default","ast-site-content-layout":"","site-content-style":"default","site-sidebar-style":"default","ast-global-header-display":"","ast-banner-title-visibility":"","ast-main-header-display":"","ast-hfb-above-header-display":"","ast-hfb-below-header-display":"","ast-hfb-mobile-header-display":"","site-post-title":"","ast-breadcrumbs-content":"disabled","ast-featured-img":"disabled","footer-sml-layout":"","theme-transparent-header-meta":"default","adv-header-id-meta":"","stick-header-meta":"","header-above-stick-meta":"","header-main-stick-meta":"","header-below-stick-meta":"","astra-migrate-meta-layouts":"default","ast-page-background-enabled":"default","ast-page-background-meta":{"desktop":{"background-color":"","background-image":"","background-repeat":"repeat","background-position":"center center","background-size":"auto","background-attachment":"scroll","background-type":"","background-media":"","overlay-type":"","overlay-color":"","overlay-opacity":"","overlay-gradient":""},"tablet":{"background-color":"","background-image":"","background-repeat":"repeat","background-position":"center center","background-size":"auto","background-attachment":"scroll","background-type":"","background-media":"","overlay-type":"","overlay-color":"","overlay-opacity":"","overlay-gradient":""},"mobile":{"background-color":"","background-image":"","background-repeat":"repeat","background-position":"center center","background-size":"auto","background-attachment":"scroll","background-type":"","background-media":"","overlay-type":"","overlay-color":"","overlay-opacity":"","overlay-gradient":""}},"ast-content-background-meta":{"desktop":{"background-color":"var(--ast-global-color-5)","background-image":"","background-repeat":"repeat","background-position":"center center","background-size":"auto","background-attachment":"scroll","background-type":"","background-media":"","overlay-type":"","overlay-color":"","overlay-opacity":"","overlay-gradient":""},"tablet":{"background-color":"var(--ast-global-color-5)","background-image":"","background-repeat":"repeat","background-position":"center center","background-size":"auto","background-attachment":"scroll","background-type":"","background-media":"","overlay-type":"","overlay-color":"","overlay-opacity":"","overlay-gradient":""},"mobile":{"background-color":"var(--ast-global-color-5)","background-image":"","background-repeat":"repeat","background-position":"center center","background-size":"auto","background-attachment":"scroll","background-type":"","background-media":"","overlay-type":"","overlay-color":"","overlay-opacity":"","overlay-gradient":""}},"footnotes":""},"class_list":["post-362","page","type-page","status-publish","hentry"],"_links":{"self":[{"href":"https:\/\/serwer1587970.home.pl\/zsrck\/wordpress\/wp-json\/wp\/v2\/pages\/362","targetHints":{"allow":["GET"]}}],"collection":[{"href":"https:\/\/serwer1587970.home.pl\/zsrck\/wordpress\/wp-json\/wp\/v2\/pages"}],"about":[{"href":"https:\/\/serwer1587970.home.pl\/zsrck\/wordpress\/wp-json\/wp\/v2\/types\/page"}],"author":[{"embeddable":true,"href":"https:\/\/serwer1587970.home.pl\/zsrck\/wordpress\/wp-json\/wp\/v2\/users\/1"}],"replies":[{"embeddable":true,"href":"https:\/\/serwer1587970.home.pl\/zsrck\/wordpress\/wp-json\/wp\/v2\/comments?post=362"}],"version-history":[{"count":14,"href":"https:\/\/serwer1587970.home.pl\/zsrck\/wordpress\/wp-json\/wp\/v2\/pages\/362\/revisions"}],"predecessor-version":[{"id":3082,"href":"https:\/\/serwer1587970.home.pl\/zsrck\/wordpress\/wp-json\/wp\/v2\/pages\/362\/revisions\/3082"}],"wp:attachment":[{"href":"https:\/\/serwer1587970.home.pl\/zsrck\/wordpress\/wp-json\/wp\/v2\/media?parent=362"}],"curies":[{"name":"wp","href":"https:\/\/api.w.org\/{rel}","templated":true}]}}