{"id":59,"date":"2019-12-09T21:39:53","date_gmt":"2019-12-09T20:39:53","guid":{"rendered":"https:\/\/serwer1587970.home.pl\/zsrck\/wordpress\/?page_id=59"},"modified":"2021-02-27T10:44:02","modified_gmt":"2021-02-27T09:44:02","slug":"historia","status":"publish","type":"page","link":"https:\/\/serwer1587970.home.pl\/zsrck\/wordpress\/historia\/","title":{"rendered":"Historia"},"content":{"rendered":"\t\t<div data-elementor-type=\"wp-page\" data-elementor-id=\"59\" class=\"elementor elementor-59\">\n\t\t\t\t\t\t<section class=\"elementor-section elementor-top-section elementor-element elementor-element-af870da elementor-section-boxed elementor-section-height-default elementor-section-height-default\" data-id=\"af870da\" data-element_type=\"section\" data-e-type=\"section\">\n\t\t\t\t\t\t<div class=\"elementor-container elementor-column-gap-default\">\n\t\t\t\t\t<div class=\"elementor-column elementor-col-100 elementor-top-column elementor-element elementor-element-427305f\" data-id=\"427305f\" data-element_type=\"column\" data-e-type=\"column\">\n\t\t\t<div class=\"elementor-widget-wrap elementor-element-populated\">\n\t\t\t\t\t\t<div class=\"elementor-element elementor-element-60a7b11 elementor-widget elementor-widget-image\" data-id=\"60a7b11\" data-element_type=\"widget\" data-e-type=\"widget\" data-widget_type=\"image.default\">\n\t\t\t\t<div class=\"elementor-widget-container\">\n\t\t\t\t\t\t\t\t\t\t\t\t\t\t\t<img fetchpriority=\"high\" decoding=\"async\" width=\"1600\" height=\"811\" src=\"https:\/\/serwer1587970.home.pl\/zsrck\/wordpress\/wp-content\/uploads\/2021\/02\/stara_szkola-2.png\" class=\"attachment-full size-full wp-image-1885\" alt=\"Bratne\" srcset=\"https:\/\/serwer1587970.home.pl\/zsrck\/wordpress\/wp-content\/uploads\/2021\/02\/stara_szkola-2.png 1600w, https:\/\/serwer1587970.home.pl\/zsrck\/wordpress\/wp-content\/uploads\/2021\/02\/stara_szkola-2-300x152.png 300w, https:\/\/serwer1587970.home.pl\/zsrck\/wordpress\/wp-content\/uploads\/2021\/02\/stara_szkola-2-1024x519.png 1024w, https:\/\/serwer1587970.home.pl\/zsrck\/wordpress\/wp-content\/uploads\/2021\/02\/stara_szkola-2-768x389.png 768w, https:\/\/serwer1587970.home.pl\/zsrck\/wordpress\/wp-content\/uploads\/2021\/02\/stara_szkola-2-1536x779.png 1536w\" sizes=\"(max-width: 1600px) 100vw, 1600px\" \/>\t\t\t\t\t\t\t\t\t\t\t\t\t\t\t<\/div>\n\t\t\t\t<\/div>\n\t\t\t\t\t<\/div>\n\t\t<\/div>\n\t\t\t\t\t<\/div>\n\t\t<\/section>\n\t\t\t\t<section class=\"elementor-section elementor-top-section elementor-element elementor-element-44c7cbe elementor-section-boxed elementor-section-height-default elementor-section-height-default\" data-id=\"44c7cbe\" data-element_type=\"section\" data-e-type=\"section\">\n\t\t\t\t\t\t<div class=\"elementor-container elementor-column-gap-default\">\n\t\t\t\t\t<div class=\"elementor-column elementor-col-100 elementor-top-column elementor-element elementor-element-2f58006\" data-id=\"2f58006\" data-element_type=\"column\" data-e-type=\"column\">\n\t\t\t<div class=\"elementor-widget-wrap elementor-element-populated\">\n\t\t\t\t\t\t<div class=\"elementor-element elementor-element-674f6ff elementor-widget elementor-widget-wp-widget-custom_html\" data-id=\"674f6ff\" data-element_type=\"widget\" data-e-type=\"widget\" data-widget_type=\"wp-widget-custom_html.default\">\n\t\t\t\t<div class=\"elementor-widget-container\">\n\t\t\t\t\t<div class=\"textwidget custom-html-widget\"><p><em>\"Instytucje o\u015bwiatowe dla ludu posiadaj\u0105 wi\u0119ksze warto\u015bci ni\u017c uniwersytety\u2026<br>\u2026 Ka\u017cdy wychowaniec szko\u0142y ludowej staje si\u0119 dla swojego otoczenia o\u015brodkiem&nbsp;wp\u0142yw\u00f3w kulturowych\u2026\u201d<\/em><br><strong>Historia ch\u0142op\u00f3w polskich<\/strong><\/p><p align=\"justify\">Go\u0142otczyzna, to od ponad stu lat, pr\u0119\u017cny o\u015brodek o\u015bwiaty rolniczej. Powstanie i&nbsp;rozw\u00f3j Go\u0142otczyzny by\u0142o mo\u017cliwe dzi\u0119ki niezwyk\u0142ej ofiarno\u015bci Aleksandry z&nbsp;S\u0119dzimir\u00f3w B\u0105kowskiej i&nbsp;g\u0142osz\u0105cego te same idee spo\u0142eczne \u2013 Aleksandra \u015awi\u0119tochowskiego. By\u0142 on czo\u0142owym przedstawicielem pozytywizmu polskiego, g\u0142\u00f3wnym tw\u00f3rc\u0105 jego programu, zawieraj\u0105cego si\u0119 w&nbsp;dw\u00f3ch has\u0142ach: \u201epracy organicznej\" i&nbsp;\u201epracy u podstaw\u201d. Praktyczn\u0105 realizacj\u0105 hase\u0142 polskiego pozytywizmu, by\u0142o powstanie szk\u00f3\u0142 go\u0142ockich.<br>\r\n\"Dla historii szk\u00f3\u0142 istotne s\u0105 dwie daty: 1909 r. i 1913 r. W 1909 roku Aleksandra B\u0105kowska z pomoc\u0105 Aleksandra \u015awi\u0119tochowskiego za\u0142o\u017cy\u0142a szko\u0142\u0119 rolnicz\u0105 dla dziewcz\u0105t i zalegalizowa\u0142a j\u0105 u w\u0142adz petersburskich jako \"Ferm\u0119 Praktyczn\u0105 Gospodarstwa Domowego dla Dziewcz\u0105t Wiejskich\". W 1913 roku wpisano do rejestru instytucji o\u015bwiatowych m\u0119sk\u0105 szko\u0142\u0119 rolnicz\u0105 jako \"Ferm\u0119 Praktyczn\u0105 Gospodarstwa dla Ch\u0142opc\u00f3w Wiejskich\". Nauka w tych szko\u0142ach by\u0142a bezp\u0142atna, wychowywa\u0142y one m\u0142odzie\u017c na \u015bwiat\u0142ych obywateli patriot\u00f3w i spo\u0142ecznik\u00f3w. Rok 2009 to obchody stulecia szk\u00f3\u0142 go\u0142ockich dla upami\u0119tnienia utworzenia przez Aleksandr\u0119 B\u0105kowsk\u0105 szko\u0142y dla dziewcz\u0105t wiejskich. W roku 2013 uroczy\u015bcie obchodzona by\u0142a rocznica utworzenia przez Aleksandra \u015awi\u0119tochowskiego szko\u0142y \"Bratne\"<br>\r\nSzko\u0142y w Go\u0142otczy\u017anie historycznie zwi\u0105zane s\u0105 z o\u015bwiat\u0105 rolnicz\u0105 na p\u00f3\u0142nocnym Mazowszu. Dzia\u0142alno\u015b\u0107 edukacyjna Szk\u00f3\u0142, zwi\u0105zana z&nbsp;ideami pozytywistycznymi wspiera od lat rozw\u00f3j polskich obszar\u00f3w wiejskich. Jeste\u015bmy nowoczesn\u0105 plac\u00f3wk\u0105 otwart\u0105 na potrzeby wsp\u00f3\u0142czesnego rolnictwa. Szkolimy kolejne pokolenia, a&nbsp;efekty naszej pracy widoczne s\u0105 nie tylko w \u015brodowisku lokalnym. M\u0142odzie\u017c odnosi sukcesy w&nbsp;fina\u0142ach Olimpiady Wiedzy i&nbsp;Umiej\u0119tno\u015bci Rolniczych. Chlub\u0119 szkole przynosi dzia\u0142alno\u015b\u0107 kulturowa i&nbsp;sportowa. Absolwenci szko\u0142y s\u0105 kreatywni i&nbsp;przedsi\u0119biorczy rozwijaj\u0105 ro\u017cnego rodzaju dzia\u0142alno\u015b\u0107, z&nbsp;sukcesem korzystaj\u0105 z funduszy unijnych.<br>\r\nZ ka\u017cdym rokiem poszerzana jest oferta edukacyjna kt\u00f3r\u0105 dostosowujemy do potrzeb lokalnego rynku pracy. Od 1 wrze\u015bnia 2013 roku wprowadzono nowy kierunek kszta\u0142cenia - techniki \u017cywienia i&nbsp;us\u0142ug gastronomicznych, a&nbsp;roku szkolnym 2014\/15 nauk\u0119 rozpocz\u0119li uczniowie w&nbsp;klasach technikum weterynarii i&nbsp;technikum urz\u0105dze\u0144 i&nbsp;system\u00f3w energetyki odnawialnej.<br>\r\nOd 2008 roku szko\u0142y prowadzone s\u0105 przez Ministra Rolnictwa i&nbsp;Rozwoju Wsi. Sytuacja finansowa szko\u0142y znacz\u0105co si\u0119 poprawi\u0142a. Ze \u015brodk\u00f3w ministra zmodernizowano pracownie szkolne zakupiono tablice interaktywne oraz nowoczesny sprz\u0119t do kszta\u0142cenia praktycznego. 1&nbsp;wrze\u015bnia 2013 r. \"powr\u00f3ci\u0142o\" do szko\u0142y gospodarstwo, kt\u00f3re spe\u0142nia przede wszystkim rol\u0119 warsztatu dydaktycznego. Dla szko\u0142y takiej jak nasza jest to najwa\u017cniejsza pracownia.<br>Szko\u0142y go\u0142ockie kontynuuj\u0105 pasje spo\u0142ecznikowskie A.&nbsp;B\u0105kowskiej i&nbsp;A.&nbsp;\u015awi\u0119tochowskiego, nasza codzienna praca przekonuje, \u017ce szko\u0142y rolnicze s\u0105 o\u015brodkami wiedzy i&nbsp;inicjatywno\u015bci na rzecz zr\u00f3wnowa\u017conego rozwoju obszar\u00f3w wiejskich. Tu podejmowane s\u0105 liczne inicjatywy kulturalno- o\u015bwiatowe, akcje charytatywne r\u00f3\u017cne formy pomocy stypendialnej pr\u0119\u017cnie rozwija si\u0119 wsp\u00f3\u0142praca z&nbsp;zagranic\u0105. Od 2008 roku szko\u0142y prowadzone s\u0105 przez Ministra Rolnictwa i Rozwoju Wsi. Sytuacja finansowa szko\u0142y znacz\u0105co si\u0119 poprawi\u0142a. Ze \u015brodk\u00f3w ministra zmodernizowano pracownie szkolne zakupiono tablice interaktywne oraz nowoczesny sprz\u0119t do kszta\u0142cenia praktycznego. 1&nbsp;wrze\u015bnia 2013 r. \"powr\u00f3ci\u0142o\" do szko\u0142y gospodarstwo, kt\u00f3re spe\u0142nia przede wszystkim rol\u0119 warsztatu dydaktycznego. Dla szko\u0142y takiej jak nasza jest to najwa\u017cniejsza pracownia.<\/p><\/div>\t\t\t\t<\/div>\n\t\t\t\t<\/div>\n\t\t\t\t\t<\/div>\n\t\t<\/div>\n\t\t\t\t\t<\/div>\n\t\t<\/section>\n\t\t\t\t<\/div>\n\t\t","protected":false},"excerpt":{"rendered":"","protected":false},"author":1,"featured_media":1885,"parent":0,"menu_order":0,"comment_status":"closed","ping_status":"closed","template":"","meta":{"_crdt_document":"","site-sidebar-layout":"no-sidebar","site-content-layout":"content-boxed-container","ast-site-content-layout":"","site-content-style":"default","site-sidebar-style":"default","ast-global-header-display":"","ast-banner-title-visibility":"","ast-main-header-display":"","ast-hfb-above-header-display":"","ast-hfb-below-header-display":"","ast-hfb-mobile-header-display":"","site-post-title":"disabled","ast-breadcrumbs-content":"disabled","ast-featured-img":"disabled","footer-sml-layout":"","theme-transparent-header-meta":"default","adv-header-id-meta":"","stick-header-meta":"","header-above-stick-meta":"","header-main-stick-meta":"","header-below-stick-meta":"","astra-migrate-meta-layouts":"default","ast-page-background-enabled":"default","ast-page-background-meta":{"desktop":{"background-color":"","background-image":"","background-repeat":"repeat","background-position":"center center","background-size":"auto","background-attachment":"scroll","background-type":"","background-media":"","overlay-type":"","overlay-color":"","overlay-opacity":"","overlay-gradient":""},"tablet":{"background-color":"","background-image":"","background-repeat":"repeat","background-position":"center center","background-size":"auto","background-attachment":"scroll","background-type":"","background-media":"","overlay-type":"","overlay-color":"","overlay-opacity":"","overlay-gradient":""},"mobile":{"background-color":"","background-image":"","background-repeat":"repeat","background-position":"center center","background-size":"auto","background-attachment":"scroll","background-type":"","background-media":"","overlay-type":"","overlay-color":"","overlay-opacity":"","overlay-gradient":""}},"ast-content-background-meta":{"desktop":{"background-color":"var(--ast-global-color-5)","background-image":"","background-repeat":"repeat","background-position":"center center","background-size":"auto","background-attachment":"scroll","background-type":"","background-media":"","overlay-type":"","overlay-color":"","overlay-opacity":"","overlay-gradient":""},"tablet":{"background-color":"var(--ast-global-color-5)","background-image":"","background-repeat":"repeat","background-position":"center center","background-size":"auto","background-attachment":"scroll","background-type":"","background-media":"","overlay-type":"","overlay-color":"","overlay-opacity":"","overlay-gradient":""},"mobile":{"background-color":"var(--ast-global-color-5)","background-image":"","background-repeat":"repeat","background-position":"center center","background-size":"auto","background-attachment":"scroll","background-type":"","background-media":"","overlay-type":"","overlay-color":"","overlay-opacity":"","overlay-gradient":""}},"footnotes":""},"class_list":["post-59","page","type-page","status-publish","has-post-thumbnail","hentry"],"_links":{"self":[{"href":"https:\/\/serwer1587970.home.pl\/zsrck\/wordpress\/wp-json\/wp\/v2\/pages\/59","targetHints":{"allow":["GET"]}}],"collection":[{"href":"https:\/\/serwer1587970.home.pl\/zsrck\/wordpress\/wp-json\/wp\/v2\/pages"}],"about":[{"href":"https:\/\/serwer1587970.home.pl\/zsrck\/wordpress\/wp-json\/wp\/v2\/types\/page"}],"author":[{"embeddable":true,"href":"https:\/\/serwer1587970.home.pl\/zsrck\/wordpress\/wp-json\/wp\/v2\/users\/1"}],"replies":[{"embeddable":true,"href":"https:\/\/serwer1587970.home.pl\/zsrck\/wordpress\/wp-json\/wp\/v2\/comments?post=59"}],"version-history":[{"count":70,"href":"https:\/\/serwer1587970.home.pl\/zsrck\/wordpress\/wp-json\/wp\/v2\/pages\/59\/revisions"}],"predecessor-version":[{"id":2174,"href":"https:\/\/serwer1587970.home.pl\/zsrck\/wordpress\/wp-json\/wp\/v2\/pages\/59\/revisions\/2174"}],"wp:featuredmedia":[{"embeddable":true,"href":"https:\/\/serwer1587970.home.pl\/zsrck\/wordpress\/wp-json\/wp\/v2\/media\/1885"}],"wp:attachment":[{"href":"https:\/\/serwer1587970.home.pl\/zsrck\/wordpress\/wp-json\/wp\/v2\/media?parent=59"}],"curies":[{"name":"wp","href":"https:\/\/api.w.org\/{rel}","templated":true}]}}